{"id":3941,"date":"2015-10-09T20:32:01","date_gmt":"2015-10-09T20:32:01","guid":{"rendered":"https:\/\/micropartes.com.co\/cinchos\/?lang=en"},"modified":"2024-10-27T21:16:35","modified_gmt":"2024-10-28T03:16:35","slug":"amarres","status":"publish","type":"page","link":"https:\/\/micropartes.com.co\/en\/amarres\/","title":{"rendered":"Amarres"},"content":{"rendered":"","protected":false},"excerpt":{"rendered":"","protected":false},"author":2,"featured_media":14292,"parent":0,"menu_order":0,"comment_status":"closed","ping_status":"closed","template":"","meta":{"content-type":"","cybocfi_hide_featured_image":"","footnotes":""},"yoast_head":"<!-- This site is optimized with the Yoast SEO plugin v21.1 - https:\/\/yoast.com\/wordpress\/plugins\/seo\/ -->\n<title>Amarres | Proveedor | Sujetadores de pl\u00e1stico | Micro Partes\u00ae<\/title>\n<meta name=\"description\" content=\"Fabricaci\u00f3n, Comercializaci\u00f3n y Distribuci\u00f3n de Piezas Pl\u00e1sticas de Sujeci\u00f3n y Componentes, con la m\u00e1s avanzada tecnolog\u00eda.\" \/>\n<meta name=\"robots\" content=\"noindex, nofollow\" \/>\n<meta property=\"og:locale\" content=\"en_US\" \/>\n<meta property=\"og:type\" content=\"article\" \/>\n<meta property=\"og:title\" content=\"Amarres - Cinchos - Micro Partes\u00ae - Plastic Fasteners and Rubber Components - Proveedor\" \/>\n<meta property=\"og:description\" content=\"Fabricaci\u00f3n, Comercializaci\u00f3n y Distribuci\u00f3n de Piezas Pl\u00e1sticas de Sujeci\u00f3n y Componentes, con la m\u00e1s avanzada tecnolog\u00eda. Proveedor de Cinchos.\" \/>\n<meta property=\"og:url\" content=\"https:\/\/micropartes.com.co\/en\/amarres\/\" \/>\n<meta property=\"og:site_name\" content=\"Micro Partes&reg; Plastic Fasteners\" \/>\n<meta property=\"article:publisher\" content=\"https:\/\/www.facebook.com\/micropartes\/\" \/>\n<meta property=\"article:modified_time\" content=\"2024-10-28T03:16:35+00:00\" \/>\n<meta property=\"og:image\" content=\"https:\/\/micropartes.com.co\/wp-content\/uploads\/2023\/08\/CINCHOS-1-e1692921964184.webp\" \/>\n\t<meta property=\"og:image:width\" content=\"300\" \/>\n\t<meta property=\"og:image:height\" content=\"300\" \/>\n\t<meta property=\"og:image:type\" content=\"image\/webp\" \/>\n<meta name=\"twitter:card\" content=\"summary_large_image\" \/>\n<meta name=\"twitter:title\" content=\"Amarres - Cinchos - Micro Partes\u00ae - Plastic Fasteners and Rubber Components - Proveedor\" \/>\n<meta name=\"twitter:description\" content=\"Fabricaci\u00f3n, Comercializaci\u00f3n y Distribuci\u00f3n de Piezas Pl\u00e1sticas de Sujeci\u00f3n y Componentes, con la m\u00e1s avanzada tecnolog\u00eda. Proveedor de Cinchos.\" \/>\n<meta name=\"twitter:image\" content=\"https:\/\/micropartes.com.co\/wp-content\/uploads\/2023\/08\/CINCHOS-1-e1692921964184.webp\" \/>\n<meta name=\"twitter:site\" content=\"@MicroPartes\" \/>\n<script type=\"application\/ld+json\" class=\"yoast-schema-graph\">{\"@context\":\"https:\/\/schema.org\",\"@graph\":[{\"@type\":\"WebPage\",\"@id\":\"https:\/\/micropartes.com.co\/en\/amarres\/\",\"url\":\"https:\/\/micropartes.com.co\/en\/amarres\/\",\"name\":\"Amarres | Proveedor | Sujetadores de pl\u00e1stico | Micro Partes\u00ae\",\"isPartOf\":{\"@id\":\"https:\/\/micropartes.com.co\/#website\"},\"datePublished\":\"2015-10-09T20:32:01+00:00\",\"dateModified\":\"2024-10-28T03:16:35+00:00\",\"description\":\"Fabricaci\u00f3n, Comercializaci\u00f3n y Distribuci\u00f3n de Piezas Pl\u00e1sticas de Sujeci\u00f3n y Componentes, con la m\u00e1s avanzada tecnolog\u00eda.\",\"breadcrumb\":{\"@id\":\"https:\/\/micropartes.com.co\/en\/amarres\/#breadcrumb\"},\"inLanguage\":\"en-US\",\"potentialAction\":[{\"@type\":\"ReadAction\",\"target\":[\"https:\/\/micropartes.com.co\/en\/amarres\/\"]}]},{\"@type\":\"BreadcrumbList\",\"@id\":\"https:\/\/micropartes.com.co\/en\/amarres\/#breadcrumb\",\"itemListElement\":[{\"@type\":\"ListItem\",\"position\":1,\"name\":\"Portada\",\"item\":\"https:\/\/micropartes.com.co\/en\/\"},{\"@type\":\"ListItem\",\"position\":2,\"name\":\"Amarres\"}]},{\"@type\":\"WebSite\",\"@id\":\"https:\/\/micropartes.com.co\/#website\",\"url\":\"https:\/\/micropartes.com.co\/\",\"name\":\"Micro Partes&reg; Plastic Fasteners\",\"description\":\"Plastic Fasteners &amp; Plastic Components\",\"publisher\":{\"@id\":\"https:\/\/micropartes.com.co\/#organization\"},\"potentialAction\":[{\"@type\":\"SearchAction\",\"target\":{\"@type\":\"EntryPoint\",\"urlTemplate\":\"https:\/\/micropartes.com.co\/?s={search_term_string}\"},\"query-input\":\"required name=search_term_string\"}],\"inLanguage\":\"en-US\"},{\"@type\":\"Organization\",\"@id\":\"https:\/\/micropartes.com.co\/#organization\",\"name\":\"Micro Partes&reg; Plastic Fasteners\",\"url\":\"https:\/\/micropartes.com.co\/\",\"logo\":{\"@type\":\"ImageObject\",\"inLanguage\":\"en-US\",\"@id\":\"https:\/\/micropartes.com.co\/#\/schema\/logo\/image\/\",\"url\":\"http:\/\/micropartes.com.co\/wp-content\/uploads\/2024\/03\/imagen_2024-03-28_153157887-e1711661569943.png\",\"contentUrl\":\"http:\/\/micropartes.com.co\/wp-content\/uploads\/2024\/03\/imagen_2024-03-28_153157887-e1711661569943.png\",\"width\":18,\"height\":12,\"caption\":\"Micro Partes&reg; Plastic Fasteners\"},\"image\":{\"@id\":\"https:\/\/micropartes.com.co\/#\/schema\/logo\/image\/\"},\"sameAs\":[\"https:\/\/www.facebook.com\/micropartes\/\",\"https:\/\/twitter.com\/MicroPartes\"]}]}<\/script>\n<!-- \/ Yoast SEO plugin. -->","yoast_head_json":{"title":"Amarres | Proveedor | Sujetadores de pl\u00e1stico | Micro Partes\u00ae","description":"Fabricaci\u00f3n, Comercializaci\u00f3n y Distribuci\u00f3n de Piezas Pl\u00e1sticas de Sujeci\u00f3n y Componentes, con la m\u00e1s avanzada tecnolog\u00eda.","robots":{"index":"noindex","follow":"nofollow"},"og_locale":"en_US","og_type":"article","og_title":"Amarres - Cinchos - Micro Partes\u00ae - Plastic Fasteners and Rubber Components - Proveedor","og_description":"Fabricaci\u00f3n, Comercializaci\u00f3n y Distribuci\u00f3n de Piezas Pl\u00e1sticas de Sujeci\u00f3n y Componentes, con la m\u00e1s avanzada tecnolog\u00eda. Proveedor de Cinchos.","og_url":"https:\/\/micropartes.com.co\/en\/amarres\/","og_site_name":"Micro Partes&reg; Plastic Fasteners","article_publisher":"https:\/\/www.facebook.com\/micropartes\/","article_modified_time":"2024-10-28T03:16:35+00:00","og_image":[{"width":300,"height":300,"url":"https:\/\/micropartes.com.co\/wp-content\/uploads\/2023\/08\/CINCHOS-1-e1692921964184.webp","type":"image\/webp"}],"twitter_card":"summary_large_image","twitter_title":"Amarres - Cinchos - Micro Partes\u00ae - Plastic Fasteners and Rubber Components - Proveedor","twitter_description":"Fabricaci\u00f3n, Comercializaci\u00f3n y Distribuci\u00f3n de Piezas Pl\u00e1sticas de Sujeci\u00f3n y Componentes, con la m\u00e1s avanzada tecnolog\u00eda. Proveedor de Cinchos.","twitter_image":"https:\/\/micropartes.com.co\/wp-content\/uploads\/2023\/08\/CINCHOS-1-e1692921964184.webp","twitter_site":"@MicroPartes","schema":{"@context":"https:\/\/schema.org","@graph":[{"@type":"WebPage","@id":"https:\/\/micropartes.com.co\/en\/amarres\/","url":"https:\/\/micropartes.com.co\/en\/amarres\/","name":"Amarres | Proveedor | Sujetadores de pl\u00e1stico | Micro Partes\u00ae","isPartOf":{"@id":"https:\/\/micropartes.com.co\/#website"},"datePublished":"2015-10-09T20:32:01+00:00","dateModified":"2024-10-28T03:16:35+00:00","description":"Fabricaci\u00f3n, Comercializaci\u00f3n y Distribuci\u00f3n de Piezas Pl\u00e1sticas de Sujeci\u00f3n y Componentes, con la m\u00e1s avanzada tecnolog\u00eda.","breadcrumb":{"@id":"https:\/\/micropartes.com.co\/en\/amarres\/#breadcrumb"},"inLanguage":"en-US","potentialAction":[{"@type":"ReadAction","target":["https:\/\/micropartes.com.co\/en\/amarres\/"]}]},{"@type":"BreadcrumbList","@id":"https:\/\/micropartes.com.co\/en\/amarres\/#breadcrumb","itemListElement":[{"@type":"ListItem","position":1,"name":"Portada","item":"https:\/\/micropartes.com.co\/en\/"},{"@type":"ListItem","position":2,"name":"Amarres"}]},{"@type":"WebSite","@id":"https:\/\/micropartes.com.co\/#website","url":"https:\/\/micropartes.com.co\/","name":"Micro Partes&reg; Plastic Fasteners","description":"Plastic Fasteners &amp; Plastic Components","publisher":{"@id":"https:\/\/micropartes.com.co\/#organization"},"potentialAction":[{"@type":"SearchAction","target":{"@type":"EntryPoint","urlTemplate":"https:\/\/micropartes.com.co\/?s={search_term_string}"},"query-input":"required name=search_term_string"}],"inLanguage":"en-US"},{"@type":"Organization","@id":"https:\/\/micropartes.com.co\/#organization","name":"Micro Partes&reg; Plastic Fasteners","url":"https:\/\/micropartes.com.co\/","logo":{"@type":"ImageObject","inLanguage":"en-US","@id":"https:\/\/micropartes.com.co\/#\/schema\/logo\/image\/","url":"http:\/\/micropartes.com.co\/wp-content\/uploads\/2024\/03\/imagen_2024-03-28_153157887-e1711661569943.png","contentUrl":"http:\/\/micropartes.com.co\/wp-content\/uploads\/2024\/03\/imagen_2024-03-28_153157887-e1711661569943.png","width":18,"height":12,"caption":"Micro Partes&reg; Plastic Fasteners"},"image":{"@id":"https:\/\/micropartes.com.co\/#\/schema\/logo\/image\/"},"sameAs":["https:\/\/www.facebook.com\/micropartes\/","https:\/\/twitter.com\/MicroPartes"]}]}},"_links":{"self":[{"href":"https:\/\/micropartes.com.co\/en\/wp-json\/wp\/v2\/pages\/3941"}],"collection":[{"href":"https:\/\/micropartes.com.co\/en\/wp-json\/wp\/v2\/pages"}],"about":[{"href":"https:\/\/micropartes.com.co\/en\/wp-json\/wp\/v2\/types\/page"}],"author":[{"embeddable":true,"href":"https:\/\/micropartes.com.co\/en\/wp-json\/wp\/v2\/users\/2"}],"replies":[{"embeddable":true,"href":"https:\/\/micropartes.com.co\/en\/wp-json\/wp\/v2\/comments?post=3941"}],"version-history":[{"count":16,"href":"https:\/\/micropartes.com.co\/en\/wp-json\/wp\/v2\/pages\/3941\/revisions"}],"predecessor-version":[{"id":15089,"href":"https:\/\/micropartes.com.co\/en\/wp-json\/wp\/v2\/pages\/3941\/revisions\/15089"}],"wp:featuredmedia":[{"embeddable":true,"href":"https:\/\/micropartes.com.co\/en\/wp-json\/wp\/v2\/media\/14292"}],"wp:attachment":[{"href":"https:\/\/micropartes.com.co\/en\/wp-json\/wp\/v2\/media?parent=3941"}],"curies":[{"name":"wp","href":"https:\/\/api.w.org\/{rel}","templated":true}]}}