{"id":3270,"date":"2015-10-15T15:27:27","date_gmt":"2015-10-15T15:27:27","guid":{"rendered":"https:\/\/micropartes.com.co\/?page_id=3270&#038;lang=en"},"modified":"2023-01-03T14:28:25","modified_gmt":"2023-01-03T20:28:25","slug":"inicio","status":"publish","type":"page","link":"https:\/\/micropartes.com.co\/en\/","title":{"rendered":"Home"},"content":{"rendered":"\t\t<div data-elementor-type=\"wp-page\" data-elementor-id=\"3270\" class=\"elementor elementor-3270 elementor-2393\">\n\t\t\t\t\t\t\t\t\t<section class=\"elementor-section elementor-top-section elementor-element elementor-element-62281760 elementor-section-boxed elementor-section-height-default elementor-section-height-default\" data-id=\"62281760\" data-element_type=\"section\">\n\t\t\t\t\t\t<div class=\"elementor-container elementor-column-gap-default\">\n\t\t\t\t\t<div class=\"elementor-column elementor-col-100 elementor-top-column elementor-element elementor-element-4726667e\" data-id=\"4726667e\" data-element_type=\"column\">\n\t\t\t<div class=\"elementor-widget-wrap elementor-element-populated\">\n\t\t\t\t\t\t\t\t<div class=\"elementor-element elementor-element-30a578bf elementor-widget elementor-widget-text-editor\" data-id=\"30a578bf\" data-element_type=\"widget\" data-widget_type=\"text-editor.default\">\n\t\t\t\t<div class=\"elementor-widget-container\">\n\t\t\t\t\t\t\t<h2><\/h2>\n<h3 style=\"text-align: center;\">Bienvenidos.<\/h3>\n<p class=\"parrafo\">En Micro Partes\u00ae contamos con gran experiencia en la fabricaci\u00f3n, comercializaci\u00f3n y distribuci\u00f3n de piezas de sujeci\u00f3n &amp; componentes pl\u00e1sticos con diferentes materiales y tipos de resinas. Supliendo las necesidades de la industria en general en M\u00e9xico y el Mundo, siendo proveedores de la industria manufacturera Automotriz, Electr\u00f3nica, Electrodom\u00e9stica, Aeroespacial, Mueblera, de la Construcci\u00f3n y m\u00e1s tipos de industrias en general.<\/p>\n<p><div class=\"image_frame element_classes image_item no_link scale-with-grid aligncenter no_border\" ><div class=\"image_wrapper\"><img loading=\"lazy\" decoding=\"async\" width=\"775\" height=\"240\" src=\"https:\/\/micropartes.com.co\/wp-content\/uploads\/2015\/10\/fasteners.jpg\" class=\"scale-with-grid\" alt=\"\" style=\"\" srcset=\"https:\/\/micropartes.com.co\/wp-content\/uploads\/2015\/10\/fasteners.jpg 775w, https:\/\/micropartes.com.co\/wp-content\/uploads\/2015\/10\/fasteners-300x93.jpg 300w, https:\/\/micropartes.com.co\/wp-content\/uploads\/2015\/10\/fasteners-260x81.jpg 260w, https:\/\/micropartes.com.co\/wp-content\/uploads\/2015\/10\/fasteners-50x15.jpg 50w, https:\/\/micropartes.com.co\/wp-content\/uploads\/2015\/10\/fasteners-150x46.jpg 150w\" sizes=\"(max-width:767px) 480px, (max-width:775px) 100vw, 775px\" \/><\/div><\/div>\n<\/p>\n<p class=\"parrafo\">Nuestro cat\u00e1logo contiene m\u00e1s de 5,000 n\u00fameros de parte, que incluye Tornillos, Tuercas, Arandelas, Espaciadores, Bujes, Sujetadores de Paneles (Push Pins), Clips Tipo Arbol de Navidad (X-mas Tree Clips), Remaches Pl\u00e1sticos (Rivets), Tapones, Tapas, Soportes de Tarjetas Electr\u00f3nicas (PCB Supports), Abrazaderas, Material para Ruteo de Cableado, Cinchos, Material para Instalar Cinchos, Mangueras Espiral y Corrugadas, Bujes Relevadores de Esfuerzo, Grommets, Bujes Pasa Cables, Sellos de Seguridad y m\u00e1s productos diversos. Nuestros sujetadores y componentes de pl\u00e1stico se moldean en duro, resistentes a la corrosi\u00f3n con Nylon 6\/6 y sus derivados, tambi\u00e9n disponibles en otros materiales. Con una amplia gama de capacidades, Micro Partes est\u00e1 listo para satisfacer todas sus necesidades de proyectos, ofreciendo moldeo y desarrollo de piezas personalizadas, soluciones de igualaci\u00f3n de colores y empaques espec\u00edficos.<\/p>\n<p class=\"parrafo\">Durante estos a\u00f1os hemos crecido para ofrecerle soluciones a diferentes problemas de sujeci\u00f3n. Contamos con una gran cantidad de productos y n\u00fameros de parte diferentes, con un eficiente departamento de Ingenier\u00eda dedicado a desarrollar productos seg\u00fan sus necesidades bajo el procedimiento de inyecci\u00f3n de pl\u00e1stico.<\/p>\n<p class=\"parrafo\">Explore nuestro sitio y p\u00f3ngase en contacto con nosotros para conocer el por qu\u00e9 Micro Partes\u00ae es la mejor opci\u00f3n a nivel mundial en sujetadores y componentes de pl\u00e1stico de alta calidad.<\/p>\n<p class=\"parrafo\">Somos especialistas en Sujetadores Pl\u00e1sticos y Componentes Pl\u00e1sticos.<\/p>\n<p class=\"parrafo\">\u00a1Denos la oportunidad de servirle!<\/p>\n<p>&nbsp;<\/p>\n<p style=\"text-align: center;\"><a  class=\"button  button_size_2 button_theme\"  href=\"https:\/\/micropartes.com.co\/productos\/\" style=\"color:theme;\"    ><span class=\"button_label\">Ver todos los Productos<\/span><\/a>\n<\/p>\n\t\t\t\t\t\t<\/div>\n\t\t\t\t<\/div>\n\t\t\t\t\t<\/div>\n\t\t<\/div>\n\t\t\t\t\t\t\t<\/div>\n\t\t<\/section>\n\t\t\t\t\t\t\t<\/div>\n\t\t","protected":false},"excerpt":{"rendered":"<p>Bienvenidos. En Micro Partes\u00ae contamos con gran experiencia en la fabricaci\u00f3n, comercializaci\u00f3n y distribuci\u00f3n de piezas de sujeci\u00f3n &amp; componentes pl\u00e1sticos con diferentes materiales y tipos<span class=\"excerpt-hellip\"> [\u2026]<\/span><\/p>\n","protected":false},"author":2,"featured_media":12632,"parent":0,"menu_order":0,"comment_status":"open","ping_status":"closed","template":"","meta":{"content-type":"","cybocfi_hide_featured_image":"","footnotes":""},"yoast_head":"<!-- This site is optimized with the Yoast SEO plugin v21.1 - https:\/\/yoast.com\/wordpress\/plugins\/seo\/ -->\n<title>Proveedores de sujetadores de pl\u00e1stico en Colombia<\/title>\n<meta name=\"robots\" content=\"index, follow, max-snippet:-1, max-image-preview:large, max-video-preview:-1\" \/>\n<link rel=\"canonical\" href=\"https:\/\/micropartes.com.co\/en\/\" \/>\n<meta property=\"og:locale\" content=\"en_US\" \/>\n<meta property=\"og:type\" content=\"article\" \/>\n<meta property=\"og:title\" content=\"Proveedores de sujetadores de pl\u00e1stico en Colombia\" \/>\n<meta property=\"og:description\" content=\"Bienvenidos. En Micro Partes\u00ae contamos con gran experiencia en la fabricaci\u00f3n, comercializaci\u00f3n y distribuci\u00f3n de piezas de sujeci\u00f3n &amp; componentes pl\u00e1sticos con diferentes materiales y tipos [\u2026]\" \/>\n<meta property=\"og:url\" content=\"https:\/\/micropartes.com.co\/en\/\" \/>\n<meta property=\"og:site_name\" content=\"Micro Partes&reg; Plastic Fasteners\" \/>\n<meta property=\"article:publisher\" content=\"https:\/\/www.facebook.com\/micropartes\/\" \/>\n<meta property=\"article:modified_time\" content=\"2023-01-03T20:28:25+00:00\" \/>\n<meta property=\"og:image\" content=\"https:\/\/micropartes.com.co\/wp-content\/uploads\/2020\/07\/Favicon-Micro-Partes.png\" \/>\n\t<meta property=\"og:image:width\" content=\"299\" \/>\n\t<meta property=\"og:image:height\" content=\"299\" \/>\n\t<meta property=\"og:image:type\" content=\"image\/png\" \/>\n<meta name=\"twitter:card\" content=\"summary_large_image\" \/>\n<meta name=\"twitter:site\" content=\"@MicroPartes\" \/>\n<meta name=\"twitter:label1\" content=\"Est. reading time\" \/>\n\t<meta name=\"twitter:data1\" content=\"2 minutes\" \/>\n<script type=\"application\/ld+json\" class=\"yoast-schema-graph\">{\"@context\":\"https:\/\/schema.org\",\"@graph\":[{\"@type\":\"WebPage\",\"@id\":\"https:\/\/micropartes.com.co\/en\/\",\"url\":\"https:\/\/micropartes.com.co\/en\/\",\"name\":\"Proveedores de sujetadores de pl\u00e1stico en Colombia\",\"isPartOf\":{\"@id\":\"https:\/\/micropartes.com.co\/#website\"},\"datePublished\":\"2015-10-15T15:27:27+00:00\",\"dateModified\":\"2023-01-03T20:28:25+00:00\",\"breadcrumb\":{\"@id\":\"https:\/\/micropartes.com.co\/en\/#breadcrumb\"},\"inLanguage\":\"en-US\",\"potentialAction\":[{\"@type\":\"ReadAction\",\"target\":[\"https:\/\/micropartes.com.co\/en\/\"]}]},{\"@type\":\"BreadcrumbList\",\"@id\":\"https:\/\/micropartes.com.co\/en\/#breadcrumb\",\"itemListElement\":[{\"@type\":\"ListItem\",\"position\":1,\"name\":\"Portada\",\"item\":\"https:\/\/micropartes.com.co\/en\/\"},{\"@type\":\"ListItem\",\"position\":2,\"name\":\"Home\"}]},{\"@type\":\"WebSite\",\"@id\":\"https:\/\/micropartes.com.co\/#website\",\"url\":\"https:\/\/micropartes.com.co\/\",\"name\":\"Micro Partes&reg; Plastic Fasteners\",\"description\":\"Plastic Fasteners &amp; Plastic Components\",\"publisher\":{\"@id\":\"https:\/\/micropartes.com.co\/#organization\"},\"potentialAction\":[{\"@type\":\"SearchAction\",\"target\":{\"@type\":\"EntryPoint\",\"urlTemplate\":\"https:\/\/micropartes.com.co\/?s={search_term_string}\"},\"query-input\":\"required name=search_term_string\"}],\"inLanguage\":\"en-US\"},{\"@type\":\"Organization\",\"@id\":\"https:\/\/micropartes.com.co\/#organization\",\"name\":\"Micro Partes&reg; Plastic Fasteners\",\"url\":\"https:\/\/micropartes.com.co\/\",\"logo\":{\"@type\":\"ImageObject\",\"inLanguage\":\"en-US\",\"@id\":\"https:\/\/micropartes.com.co\/#\/schema\/logo\/image\/\",\"url\":\"http:\/\/micropartes.com.co\/wp-content\/uploads\/2024\/03\/imagen_2024-03-28_153157887-e1711661569943.png\",\"contentUrl\":\"http:\/\/micropartes.com.co\/wp-content\/uploads\/2024\/03\/imagen_2024-03-28_153157887-e1711661569943.png\",\"width\":18,\"height\":12,\"caption\":\"Micro Partes&reg; Plastic Fasteners\"},\"image\":{\"@id\":\"https:\/\/micropartes.com.co\/#\/schema\/logo\/image\/\"},\"sameAs\":[\"https:\/\/www.facebook.com\/micropartes\/\",\"https:\/\/twitter.com\/MicroPartes\"]}]}<\/script>\n<!-- \/ Yoast SEO plugin. -->","yoast_head_json":{"title":"Proveedores de sujetadores de pl\u00e1stico en Colombia","robots":{"index":"index","follow":"follow","max-snippet":"max-snippet:-1","max-image-preview":"max-image-preview:large","max-video-preview":"max-video-preview:-1"},"canonical":"https:\/\/micropartes.com.co\/en\/","og_locale":"en_US","og_type":"article","og_title":"Proveedores de sujetadores de pl\u00e1stico en Colombia","og_description":"Bienvenidos. En Micro Partes\u00ae contamos con gran experiencia en la fabricaci\u00f3n, comercializaci\u00f3n y distribuci\u00f3n de piezas de sujeci\u00f3n &amp; componentes pl\u00e1sticos con diferentes materiales y tipos [\u2026]","og_url":"https:\/\/micropartes.com.co\/en\/","og_site_name":"Micro Partes&reg; Plastic Fasteners","article_publisher":"https:\/\/www.facebook.com\/micropartes\/","article_modified_time":"2023-01-03T20:28:25+00:00","og_image":[{"width":299,"height":299,"url":"https:\/\/micropartes.com.co\/wp-content\/uploads\/2020\/07\/Favicon-Micro-Partes.png","type":"image\/png"}],"twitter_card":"summary_large_image","twitter_site":"@MicroPartes","twitter_misc":{"Est. reading time":"2 minutes"},"schema":{"@context":"https:\/\/schema.org","@graph":[{"@type":"WebPage","@id":"https:\/\/micropartes.com.co\/en\/","url":"https:\/\/micropartes.com.co\/en\/","name":"Proveedores de sujetadores de pl\u00e1stico en Colombia","isPartOf":{"@id":"https:\/\/micropartes.com.co\/#website"},"datePublished":"2015-10-15T15:27:27+00:00","dateModified":"2023-01-03T20:28:25+00:00","breadcrumb":{"@id":"https:\/\/micropartes.com.co\/en\/#breadcrumb"},"inLanguage":"en-US","potentialAction":[{"@type":"ReadAction","target":["https:\/\/micropartes.com.co\/en\/"]}]},{"@type":"BreadcrumbList","@id":"https:\/\/micropartes.com.co\/en\/#breadcrumb","itemListElement":[{"@type":"ListItem","position":1,"name":"Portada","item":"https:\/\/micropartes.com.co\/en\/"},{"@type":"ListItem","position":2,"name":"Home"}]},{"@type":"WebSite","@id":"https:\/\/micropartes.com.co\/#website","url":"https:\/\/micropartes.com.co\/","name":"Micro Partes&reg; Plastic Fasteners","description":"Plastic Fasteners &amp; Plastic Components","publisher":{"@id":"https:\/\/micropartes.com.co\/#organization"},"potentialAction":[{"@type":"SearchAction","target":{"@type":"EntryPoint","urlTemplate":"https:\/\/micropartes.com.co\/?s={search_term_string}"},"query-input":"required name=search_term_string"}],"inLanguage":"en-US"},{"@type":"Organization","@id":"https:\/\/micropartes.com.co\/#organization","name":"Micro Partes&reg; Plastic Fasteners","url":"https:\/\/micropartes.com.co\/","logo":{"@type":"ImageObject","inLanguage":"en-US","@id":"https:\/\/micropartes.com.co\/#\/schema\/logo\/image\/","url":"http:\/\/micropartes.com.co\/wp-content\/uploads\/2024\/03\/imagen_2024-03-28_153157887-e1711661569943.png","contentUrl":"http:\/\/micropartes.com.co\/wp-content\/uploads\/2024\/03\/imagen_2024-03-28_153157887-e1711661569943.png","width":18,"height":12,"caption":"Micro Partes&reg; Plastic Fasteners"},"image":{"@id":"https:\/\/micropartes.com.co\/#\/schema\/logo\/image\/"},"sameAs":["https:\/\/www.facebook.com\/micropartes\/","https:\/\/twitter.com\/MicroPartes"]}]}},"_links":{"self":[{"href":"https:\/\/micropartes.com.co\/en\/wp-json\/wp\/v2\/pages\/3270"}],"collection":[{"href":"https:\/\/micropartes.com.co\/en\/wp-json\/wp\/v2\/pages"}],"about":[{"href":"https:\/\/micropartes.com.co\/en\/wp-json\/wp\/v2\/types\/page"}],"author":[{"embeddable":true,"href":"https:\/\/micropartes.com.co\/en\/wp-json\/wp\/v2\/users\/2"}],"replies":[{"embeddable":true,"href":"https:\/\/micropartes.com.co\/en\/wp-json\/wp\/v2\/comments?post=3270"}],"version-history":[{"count":3,"href":"https:\/\/micropartes.com.co\/en\/wp-json\/wp\/v2\/pages\/3270\/revisions"}],"predecessor-version":[{"id":14015,"href":"https:\/\/micropartes.com.co\/en\/wp-json\/wp\/v2\/pages\/3270\/revisions\/14015"}],"wp:featuredmedia":[{"embeddable":true,"href":"https:\/\/micropartes.com.co\/en\/wp-json\/wp\/v2\/media\/12632"}],"wp:attachment":[{"href":"https:\/\/micropartes.com.co\/en\/wp-json\/wp\/v2\/media?parent=3270"}],"curies":[{"name":"wp","href":"https:\/\/api.w.org\/{rel}","templated":true}]}}